{"id":34,"date":"2012-02-14T22:32:11","date_gmt":"2012-02-14T22:32:11","guid":{"rendered":"http:\/\/dpsg-bonifatius.de\/?page_id=34"},"modified":"2022-08-18T13:18:36","modified_gmt":"2022-08-18T11:18:36","slug":"kontakt","status":"publish","type":"page","link":"https:\/\/dpsg-bonifatius.de\/?page_id=34","title":{"rendered":"Kontakt"},"content":{"rendered":"\t\t<div data-elementor-type=\"wp-page\" data-elementor-id=\"34\" class=\"elementor elementor-34\" data-elementor-post-type=\"page\">\n\t\t\t\t\t\t<section class=\"elementor-section elementor-top-section elementor-element elementor-element-c399b1f elementor-section-boxed elementor-section-height-default elementor-section-height-default\" data-id=\"c399b1f\" data-element_type=\"section\" data-e-type=\"section\">\n\t\t\t\t\t\t<div class=\"elementor-container elementor-column-gap-default\">\n\t\t\t\t\t<div class=\"elementor-column elementor-col-100 elementor-top-column elementor-element elementor-element-a5634db\" data-id=\"a5634db\" data-element_type=\"column\" data-e-type=\"column\">\n\t\t\t<div class=\"elementor-widget-wrap elementor-element-populated\">\n\t\t\t\t\t\t<div class=\"elementor-element elementor-element-84a88f4 elementor-widget elementor-widget-text-editor\" data-id=\"84a88f4\" data-element_type=\"widget\" data-e-type=\"widget\" data-widget_type=\"text-editor.default\">\n\t\t\t\t<div class=\"elementor-widget-container\">\n\t\t\t\t\t\t\t\t\t<h3>Email<\/h3><p>Bei Fragen, Informationen, Kommentaren, An- und Abmeldungen: <a href=\"mailto:vorstand@dpsg-bonifatius.de\">vorstand@dpsg-bonifatius.de<\/a><\/p><h3>Adresse des Gruppenraums<\/h3><p>DPSG St. Bonifatius <br \/>Hildastra\u00dfe 6 <br \/>69115 Heidelberg<\/p><h3>Bankverbindung<\/h3><p>DPSG St. Bonifatius Heidelberg <br \/>Iban: DE04370601934002228004<br \/>GENODED1PAX<br \/>Pax-Bank eG<\/p>\t\t\t\t\t\t\t\t<\/div>\n\t\t\t\t<\/div>\n\t\t\t\t<div class=\"elementor-element elementor-element-cd215c3 elementor-widget elementor-widget-spacer\" data-id=\"cd215c3\" data-element_type=\"widget\" data-e-type=\"widget\" data-widget_type=\"spacer.default\">\n\t\t\t\t<div class=\"elementor-widget-container\">\n\t\t\t\t\t\t\t<div class=\"elementor-spacer\">\n\t\t\t<div class=\"elementor-spacer-inner\"><\/div>\n\t\t<\/div>\n\t\t\t\t\t\t<\/div>\n\t\t\t\t<\/div>\n\t\t\t\t<div class=\"elementor-element elementor-element-e88ef8b elementor-widget-divider--view-line elementor-widget elementor-widget-divider\" data-id=\"e88ef8b\" data-element_type=\"widget\" data-e-type=\"widget\" id=\"Gruppenraum\" data-widget_type=\"divider.default\">\n\t\t\t\t<div class=\"elementor-widget-container\">\n\t\t\t\t\t\t\t<div class=\"elementor-divider\">\n\t\t\t<span class=\"elementor-divider-separator\">\n\t\t\t\t\t\t<\/span>\n\t\t<\/div>\n\t\t\t\t\t\t<\/div>\n\t\t\t\t<\/div>\n\t\t\t\t\t<\/div>\n\t\t<\/div>\n\t\t\t\t\t<\/div>\n\t\t<\/section>\n\t\t\t\t<section class=\"elementor-section elementor-top-section elementor-element elementor-element-72b7033 elementor-section-boxed elementor-section-height-default elementor-section-height-default\" data-id=\"72b7033\" data-element_type=\"section\" data-e-type=\"section\">\n\t\t\t\t\t\t<div class=\"elementor-container elementor-column-gap-default\">\n\t\t\t\t\t<div class=\"elementor-column elementor-col-50 elementor-top-column elementor-element elementor-element-1849414\" data-id=\"1849414\" data-element_type=\"column\" data-e-type=\"column\">\n\t\t\t<div class=\"elementor-widget-wrap elementor-element-populated\">\n\t\t\t\t\t\t<div class=\"elementor-element elementor-element-3693225 elementor-widget elementor-widget-heading\" data-id=\"3693225\" data-element_type=\"widget\" data-e-type=\"widget\" data-widget_type=\"heading.default\">\n\t\t\t\t<div class=\"elementor-widget-container\">\n\t\t\t\t\t<h2 class=\"elementor-heading-title elementor-size-default\">Der Weg zum Gruppenraum<\/h2>\t\t\t\t<\/div>\n\t\t\t\t<\/div>\n\t\t\t\t<div class=\"elementor-element elementor-element-378d56c elementor-widget elementor-widget-text-editor\" data-id=\"378d56c\" data-element_type=\"widget\" data-e-type=\"widget\" data-widget_type=\"text-editor.default\">\n\t\t\t\t<div class=\"elementor-widget-container\">\n\t\t\t\t\t\t\t\t\t<p>Unser Gruppenraum befindet sich im Keller des St. Hildegard Kindergartens bzw unter dem Gemeindesaal der St. Bonifatius Kirche.<\/p><p>Geht in der Hildastra\u00dfe 6 einfach links neben dem Glasschaukasten, der vom Gehweg aus zu sehen ist, in das rechte der beiden Tore. Das linke Tor ist von der evang. Kirchenmusik, das rechte ist unseres. Nun geht ihr die, auf dem Bild rot eingezeichnete Stra\u00dfe bis zu einem Garagentor, zu eurer rechten geht es weiter zu einem Kletterger\u00fcst &#8211; auch rot eingezeichnet. Am Kletterger\u00fcst angekommen seht ihr gegen\u00fcber vom Kletterger\u00fcst eine Treppe, welche euch nach unten zu unserem Gruppenraum f\u00fchrt. Im Bild wei\u00df eingezeichnet. Geschafft, unten befindet sich unser Gruppenraum.<\/p>\t\t\t\t\t\t\t\t<\/div>\n\t\t\t\t<\/div>\n\t\t\t\t\t<\/div>\n\t\t<\/div>\n\t\t\t\t<div class=\"elementor-column elementor-col-50 elementor-top-column elementor-element elementor-element-13f66fb\" data-id=\"13f66fb\" data-element_type=\"column\" data-e-type=\"column\">\n\t\t\t<div class=\"elementor-widget-wrap elementor-element-populated\">\n\t\t\t\t\t\t<div class=\"elementor-element elementor-element-46f5af2 elementor-widget elementor-widget-image\" data-id=\"46f5af2\" data-element_type=\"widget\" data-e-type=\"widget\" data-widget_type=\"image.default\">\n\t\t\t\t<div class=\"elementor-widget-container\">\n\t\t\t\t\t\t\t\t\t\t\t\t\t\t\t<img fetchpriority=\"high\" decoding=\"async\" width=\"300\" height=\"200\" src=\"https:\/\/dpsg-bonifatius.de\/wp-content\/uploads\/2019\/11\/WegZumGruppenraum-300x200.jpg\" class=\"attachment-medium size-medium wp-image-1011\" alt=\"\" srcset=\"https:\/\/dpsg-bonifatius.de\/wp-content\/uploads\/2019\/11\/WegZumGruppenraum-300x200.jpg 300w, https:\/\/dpsg-bonifatius.de\/wp-content\/uploads\/2019\/11\/WegZumGruppenraum-1024x683.jpg 1024w, https:\/\/dpsg-bonifatius.de\/wp-content\/uploads\/2019\/11\/WegZumGruppenraum-768x512.jpg 768w, https:\/\/dpsg-bonifatius.de\/wp-content\/uploads\/2019\/11\/WegZumGruppenraum-1536x1024.jpg 1536w, https:\/\/dpsg-bonifatius.de\/wp-content\/uploads\/2019\/11\/WegZumGruppenraum-2048x1365.jpg 2048w\" sizes=\"(max-width: 300px) 100vw, 300px\" \/>\t\t\t\t\t\t\t\t\t\t\t\t\t\t\t<\/div>\n\t\t\t\t<\/div>\n\t\t\t\t<div class=\"elementor-element elementor-element-8785606 elementor-widget elementor-widget-text-editor\" data-id=\"8785606\" data-element_type=\"widget\" data-e-type=\"widget\" data-widget_type=\"text-editor.default\">\n\t\t\t\t<div class=\"elementor-widget-container\">\n\t\t\t\t\t\t\t\t\t<p><a href=\"http:\/\/www.dpsg-bonifatius.de\/wp-content\/uploads\/2019\/11\/WegZumGruppenraum-scaled.jpg\">Hier<\/a> ist das Bild, von dem ich im Text links schreibe.<\/p>\t\t\t\t\t\t\t\t<\/div>\n\t\t\t\t<\/div>\n\t\t\t\t\t<\/div>\n\t\t<\/div>\n\t\t\t\t\t<\/div>\n\t\t<\/section>\n\t\t\t\t<\/div>\n\t\t","protected":false},"excerpt":{"rendered":"<p>Email Bei Fragen, Informationen, Kommentaren, An- und Abmeldungen: vorstand@dpsg-bonifatius.de Adresse des Gruppenraums DPSG St. Bonifatius Hildastra\u00dfe 6 69115 Heidelberg Bankverbindung DPSG St. Bonifatius Heidelberg Iban: DE04370601934002228004GENODED1PAXPax-Bank eG Der Weg zum&#8230;<\/p>\n","protected":false},"author":8,"featured_media":0,"parent":0,"menu_order":6,"comment_status":"closed","ping_status":"closed","template":"","meta":{"footnotes":""},"class_list":["post-34","page","type-page","status-publish","hentry"],"lang":"de","translations":{"de":34},"pll_sync_post":[],"_links":{"self":[{"href":"https:\/\/dpsg-bonifatius.de\/index.php?rest_route=\/wp\/v2\/pages\/34","targetHints":{"allow":["GET"]}}],"collection":[{"href":"https:\/\/dpsg-bonifatius.de\/index.php?rest_route=\/wp\/v2\/pages"}],"about":[{"href":"https:\/\/dpsg-bonifatius.de\/index.php?rest_route=\/wp\/v2\/types\/page"}],"author":[{"embeddable":true,"href":"https:\/\/dpsg-bonifatius.de\/index.php?rest_route=\/wp\/v2\/users\/8"}],"replies":[{"embeddable":true,"href":"https:\/\/dpsg-bonifatius.de\/index.php?rest_route=%2Fwp%2Fv2%2Fcomments&post=34"}],"version-history":[{"count":23,"href":"https:\/\/dpsg-bonifatius.de\/index.php?rest_route=\/wp\/v2\/pages\/34\/revisions"}],"predecessor-version":[{"id":1562,"href":"https:\/\/dpsg-bonifatius.de\/index.php?rest_route=\/wp\/v2\/pages\/34\/revisions\/1562"}],"wp:attachment":[{"href":"https:\/\/dpsg-bonifatius.de\/index.php?rest_route=%2Fwp%2Fv2%2Fmedia&parent=34"}],"curies":[{"name":"wp","href":"https:\/\/api.w.org\/{rel}","templated":true}]}}